{"id":129,"date":"2009-03-14T12:26:49","date_gmt":"2009-03-14T11:26:49","guid":{"rendered":"http:\/\/www.karin-weber.com\/?page_id=129"},"modified":"2018-05-14T17:27:16","modified_gmt":"2018-05-14T15:27:16","slug":"rontgen","status":"publish","type":"page","link":"https:\/\/www.karin-weber.com\/?page_id=129","title":{"rendered":"R\u00f6ntgen"},"content":{"rendered":"<p>R\u00f6ntgen ist eine gut etablierte Methode, die bei allen Kleintieren angewandt werden kann. Viele Ver\u00e4nderungen der Knochen, Gelenke, innerer Organe, wie Herz und Lunge, Magen-Darm-Trakt, Nieren, Harnblase, Geb\u00e4rmutter, Prostata und mehr lassen sich eindeutig mit dem R\u00f6ntgen diagnostizieren. Auf den R\u00f6ntgenbildern sind die Ver\u00e4nderungen auch dem Laien gut zu erkl\u00e4ren. F\u00fcr viele Operationen sind R\u00f6ntgenbilder n\u00f6tig. Manchmal ist eine kleine Beruhigungsspritze f\u00fcr die Tiere n\u00f6tig, damit sie optimal gelagert werden k\u00f6nnen.<br \/>\n<a href=\"javascript:history.back()\"><small>zur\u00fcck<\/small><\/a><\/p>\n","protected":false},"excerpt":{"rendered":"<p>R\u00f6ntgen ist eine gut etablierte Methode, die bei allen Kleintieren angewandt werden kann. Viele Ver\u00e4nderungen der Knochen, Gelenke, innerer Organe, wie Herz und Lunge, Magen-Darm-Trakt, Nieren, Harnblase, Geb\u00e4rmutter, Prostata und mehr lassen sich eindeutig mit dem R\u00f6ntgen diagnostizieren. Auf den &hellip; <a href=\"https:\/\/www.karin-weber.com\/?page_id=129\">Weiterlesen <span class=\"meta-nav\">&rarr;<\/span><\/a><\/p>\n","protected":false},"author":1,"featured_media":0,"parent":122,"menu_order":4,"comment_status":"closed","ping_status":"closed","template":"","meta":[],"_links":{"self":[{"href":"https:\/\/www.karin-weber.com\/index.php?rest_route=\/wp\/v2\/pages\/129"}],"collection":[{"href":"https:\/\/www.karin-weber.com\/index.php?rest_route=\/wp\/v2\/pages"}],"about":[{"href":"https:\/\/www.karin-weber.com\/index.php?rest_route=\/wp\/v2\/types\/page"}],"author":[{"embeddable":true,"href":"https:\/\/www.karin-weber.com\/index.php?rest_route=\/wp\/v2\/users\/1"}],"replies":[{"embeddable":true,"href":"https:\/\/www.karin-weber.com\/index.php?rest_route=%2Fwp%2Fv2%2Fcomments&post=129"}],"version-history":[{"count":1,"href":"https:\/\/www.karin-weber.com\/index.php?rest_route=\/wp\/v2\/pages\/129\/revisions"}],"predecessor-version":[{"id":264,"href":"https:\/\/www.karin-weber.com\/index.php?rest_route=\/wp\/v2\/pages\/129\/revisions\/264"}],"up":[{"embeddable":true,"href":"https:\/\/www.karin-weber.com\/index.php?rest_route=\/wp\/v2\/pages\/122"}],"wp:attachment":[{"href":"https:\/\/www.karin-weber.com\/index.php?rest_route=%2Fwp%2Fv2%2Fmedia&parent=129"}],"curies":[{"name":"wp","href":"https:\/\/api.w.org\/{rel}","templated":true}]}}