{"id":127,"date":"2009-03-14T12:26:13","date_gmt":"2009-03-14T11:26:13","guid":{"rendered":"http:\/\/www.karin-weber.com\/?page_id=127"},"modified":"2026-03-30T11:15:44","modified_gmt":"2026-03-30T09:15:44","slug":"labor","status":"publish","type":"page","link":"https:\/\/www.karin-weber.com\/?page_id=127","title":{"rendered":"Labor"},"content":{"rendered":"<p>Die Praxis bietet Basislabordiagnostik an. Hier werden Abstriche (z.B. Ohren), Kotuntersuchungen und einfache Tests (z.B. Giardia, Hautpilze) durchgef\u00fchrt.<\/p>\n<p>F\u00fcr Blutuntersuchungen und weiterf\u00fchrende Untersuchungen schicken wir Proben an ein Fremdlabor.<br \/>\n<a><small>zur\u00fcck<\/small><\/a><\/p>\n","protected":false},"excerpt":{"rendered":"<p>Die Praxis bietet Basislabordiagnostik an. Hier werden Abstriche (z.B. Ohren), Kotuntersuchungen und einfache Tests (z.B. Giardia, Hautpilze) durchgef\u00fchrt. F\u00fcr Blutuntersuchungen und weiterf\u00fchrende Untersuchungen schicken wir Proben an ein Fremdlabor. zur\u00fcck<\/p>\n","protected":false},"author":1,"featured_media":0,"parent":122,"menu_order":3,"comment_status":"closed","ping_status":"closed","template":"","meta":[],"_links":{"self":[{"href":"https:\/\/www.karin-weber.com\/index.php?rest_route=\/wp\/v2\/pages\/127"}],"collection":[{"href":"https:\/\/www.karin-weber.com\/index.php?rest_route=\/wp\/v2\/pages"}],"about":[{"href":"https:\/\/www.karin-weber.com\/index.php?rest_route=\/wp\/v2\/types\/page"}],"author":[{"embeddable":true,"href":"https:\/\/www.karin-weber.com\/index.php?rest_route=\/wp\/v2\/users\/1"}],"replies":[{"embeddable":true,"href":"https:\/\/www.karin-weber.com\/index.php?rest_route=%2Fwp%2Fv2%2Fcomments&post=127"}],"version-history":[{"count":3,"href":"https:\/\/www.karin-weber.com\/index.php?rest_route=\/wp\/v2\/pages\/127\/revisions"}],"predecessor-version":[{"id":477,"href":"https:\/\/www.karin-weber.com\/index.php?rest_route=\/wp\/v2\/pages\/127\/revisions\/477"}],"up":[{"embeddable":true,"href":"https:\/\/www.karin-weber.com\/index.php?rest_route=\/wp\/v2\/pages\/122"}],"wp:attachment":[{"href":"https:\/\/www.karin-weber.com\/index.php?rest_route=%2Fwp%2Fv2%2Fmedia&parent=127"}],"curies":[{"name":"wp","href":"https:\/\/api.w.org\/{rel}","templated":true}]}}